{"id":12,"date":"2018-03-02T16:07:15","date_gmt":"2018-03-02T15:07:15","guid":{"rendered":"http:\/\/gramaevent:8888\/?page_id=12"},"modified":"2018-08-03T09:41:36","modified_gmt":"2018-08-03T07:41:36","slug":"kontakt","status":"publish","type":"page","link":"https:\/\/www.gramaphon.at\/event\/kontakt\/","title":{"rendered":"Kontakt"},"content":{"rendered":"<p>[vc_row][vc_column][vc_empty_space height=&#8220;60px&#8220;][\/vc_column][\/vc_row][vc_row el_class=&#8220;slimrow&#8220;][vc_column width=&#8220;1\/3&#8243;][vc_hoverbox image=&#8220;167&#8243; primary_title=&#8220;Adresse&#8220; hover_title=&#8220;Adresse&#8220; shape=&#8220;square&#8220; hover_background_color=&#8220;custom&#8220; hover_btn_title=&#8220;Route ansehen&#8220; hover_btn_shape=&#8220;square&#8220; hover_btn_color=&#8220;white&#8220; hover_add_button=&#8220;true&#8220; class=&#8220;&#8222;fa&#8220; hover_custom_background=&#8220;#cbaa5c&#8220; hover_btn_link=&#8220;url:https%3A%2F%2Fwww.google.at%2Fmaps%2Fdir%2F%2FGramaphon%2C%2BMarktstra%25C3%259Fe%2B18%2C%2B4201%2BGramastetten%2F%4048.380755%2C14.1867253%2C565m%2Fdata%3D!3m1!1e3!4m8!4m7!1m0!1m5!1m1!1s0x47739b13b12ecc65%3A0xacea2577525f3b9!2m2!1d14.188914!2d48.3807515|||&#8220;]<span style=\"color: #ffffff;\">Marktstra\u00dfe 18 | 4201 Gramastetten<\/span>[\/vc_hoverbox][\/vc_column][vc_column width=&#8220;1\/3&#8243;][vc_hoverbox image=&#8220;170&#8243; primary_title=&#8220;Telefon&#8220; hover_title=&#8220;Telefon&#8220; shape=&#8220;square&#8220; hover_background_color=&#8220;custom&#8220; hover_btn_title=&#8220;anrufen&#8220; hover_btn_shape=&#8220;square&#8220; hover_btn_color=&#8220;white&#8220; hover_add_button=&#8220;true&#8220; class=&#8220;&#8222;fa&#8220; hover_custom_background=&#8220;#cbaa5c&#8220; hover_btn_link=&#8220;url:tel%3A%2B437239815511|||&#8220;]<span style=\"color: #ffffff;\">+43 7239 8155-11<\/span>[\/vc_hoverbox][\/vc_column][vc_column width=&#8220;1\/3&#8243;][vc_hoverbox image=&#8220;169&#8243; primary_title=&#8220;E-Mail&#8220; hover_title=&#8220;E-Mail&#8220; shape=&#8220;square&#8220; hover_background_color=&#8220;custom&#8220; hover_btn_title=&#8220;Mail Senden&#8220; hover_btn_shape=&#8220;square&#8220; hover_btn_color=&#8220;white&#8220; hover_add_button=&#8220;true&#8220; class=&#8220;&#8222;fa&#8220; hover_custom_background=&#8220;#cbaa5c&#8220; hover_btn_link=&#8220;url:mailto%3Aoffice(at)gramaphon.at|||&#8220;]<span style=\"color: #ffffff;\">office@gramaphon.at<\/span>[\/vc_hoverbox][\/vc_column][\/vc_row][vc_row][vc_column][vc_empty_space height=&#8220;60px&#8220;][\/vc_column][\/vc_row][vc_row el_class=&#8220;homebox1&#8243;][vc_column][vc_column_text]<\/p>\n<h4 style=\"text-align: center;\">B u c h u n g s a n f r a g e<\/h4>\n<hr \/>\n<div class=\"frm_forms  with_frm_style frm_style_formidable-style\" id=\"frm_form_3_container\" >\n<form enctype=\"multipart\/form-data\" method=\"post\" class=\"frm-show-form \" id=\"form_hcgxd\"  >\n<div class=\"frm_form_fields \">\n<fieldset>\n<legend class=\"frm_screen_reader\">Buchungsanfrage<\/legend>\r\n\r\n<div class=\"frm_fields_container\">\n<input type=\"hidden\" name=\"frm_action\" value=\"create\" \/>\n<input type=\"hidden\" name=\"form_id\" value=\"3\" \/>\n<input type=\"hidden\" name=\"frm_hide_fields_3\" id=\"frm_hide_fields_3\" value=\"\" \/>\n<input type=\"hidden\" name=\"form_key\" value=\"hcgxd\" \/>\n<input type=\"hidden\" name=\"item_meta[0]\" value=\"\" \/>\n<input type=\"hidden\" id=\"frm_submit_entry_3\" name=\"frm_submit_entry_3\" value=\"15f8287621\" \/><input type=\"hidden\" name=\"_wp_http_referer\" value=\"\/event\/wp-json\/wp\/v2\/pages\/12\" \/><div id=\"frm_field_11_container\" class=\"frm_form_field form-field  frm_top_container frm_half\">\r\n    <label for=\"field_b6yt6\" class=\"frm_primary_label\">Name\r\n        <span class=\"frm_required\"><\/span>\r\n    <\/label>\r\n    <input type=\"text\" id=\"field_b6yt6\" name=\"item_meta[11]\" value=\"\"  data-invmsg=\"Text ist ung\u00fcltig\" aria-invalid=\"false\"  \/>\r\n    \r\n    \r\n<\/div>\n<div id=\"frm_field_12_container\" class=\"frm_form_field form-field  frm_top_container frm_half\">\r\n    <label for=\"field_v6bfd\" class=\"frm_primary_label\">E-Mailadresse\r\n        <span class=\"frm_required\"><\/span>\r\n    <\/label>\r\n    <input type=\"email\" id=\"field_v6bfd\" name=\"item_meta[12]\" value=\"\"  data-invmsg=\"Text ist ung\u00fcltig\" aria-invalid=\"false\"  \/>\r\n    \r\n    \r\n<\/div>\n<div id=\"frm_field_13_container\" class=\"frm_form_field form-field  frm_top_container frm_full\">\r\n    <label for=\"field_v5b4s\" class=\"frm_primary_label\">Telefon (nur Ziffern)\r\n        <span class=\"frm_required\"><\/span>\r\n    <\/label>\r\n    <input type=\"tel\" id=\"field_v5b4s\" name=\"item_meta[13]\" value=\"\"  data-invmsg=\"Telefon ist ung\u00fcltig\" aria-invalid=\"false\" pattern=\"((\\+\\d{1,3}(-|.| )?\\(?\\d\\)?(-| |.)?\\d{1,5})|(\\(?\\d{2,6}\\)?))(-|.| )?(\\d{3,4})(-|.| )?(\\d{4})(( x| ext)\\d{1,5}){0,1}$\"  \/>\r\n    \r\n    \r\n<\/div>\n<div id=\"frm_field_14_container\" class=\"frm_form_field form-field  frm_top_container frm_half\">\r\n    <label for=\"field_cxmhj\" class=\"frm_primary_label\">Datum\r\n        <span class=\"frm_required\"><\/span>\r\n    <\/label>\r\n    <input type=\"text\" id=\"field_cxmhj\" name=\"item_meta[14]\" value=\"TT.MM.JJJJ\"  data-frmval=\"TT.MM.JJJJ\" data-invmsg=\"Text ist ung\u00fcltig\" aria-invalid=\"false\"  \/>\r\n    \r\n    \r\n<\/div>\n<div id=\"frm_field_19_container\" class=\"frm_form_field form-field  frm_top_container frm_half\">\r\n    <label for=\"field_p4mtz\" class=\"frm_primary_label\">R\u00e4umlichkeiten\r\n        <span class=\"frm_required\"><\/span>\r\n    <\/label>\r\n    \t\t<select name=\"item_meta[19]\" id=\"field_p4mtz\"  data-frmval=\"Panoramasaal gro\u00df\" data-invmsg=\"R\u00e4umlichkeiten ist ung\u00fcltig\" aria-invalid=\"false\"  >\n\t\t<option  value=\"Panoramasaal gro\u00df\" selected='selected'>Panoramasaal gro\u00df<\/option><option  value=\"Seminarraum\">Seminarraum<\/option><option  value=\"Saalh\u00e4lfte Panorama\">Saalh\u00e4lfte Panorama<\/option><option  value=\"Saalh\u00e4lfte Galerie\">Saalh\u00e4lfte Galerie<\/option>\t<\/select>\n\t\r\n    \r\n    \r\n<\/div>\n<div id=\"frm_field_17_container\" class=\"frm_form_field form-field  frm_top_container\">\r\n    <label for=\"field_qdc9j\" class=\"frm_primary_label\">Veranstaltungsdetails (z.B. Informationen \u00fcber die Art\/Dauer der Veranstaltung, B\u00fchne, Sitzpl\u00e4tze, Bewirtung, ...)\r\n        <span class=\"frm_required\"><\/span>\r\n    <\/label>\r\n    <textarea name=\"item_meta[17]\" id=\"field_qdc9j\" rows=\"5\"  data-invmsg=\"Veranstaltungsdetails (z.B. Informationen \u00fcber die Art\/Dauer der Veranstaltung, B\u00fchne, Sitzpl\u00e4tze, Bewirtung, ...) ist ung\u00fcltig\" aria-invalid=\"false\"  ><\/textarea>\r\n    \r\n    \r\n<\/div>\n<div id=\"frm_field_20_container\" class=\"frm_form_field  frm_html_container form-field\">\n<p>Die abgesendeten Daten werden nur zum Zweck der Bearbeitung Ihres Anliegens verarbeitet. Weitere Informationen finden Sie in unserer <a href=\"\/event\/datenschutz\/\">Datenschutzerkl\u00e4rung<\/a>.<\/p>\n<\/div>\n<div id=\"frm_field_18_container\" class=\"frm_form_field form-field  frm_none_container\">\r\n    <label  class=\"frm_primary_label\">reCAPTCHA\r\n        <span class=\"frm_required\"><\/span>\r\n    <\/label>\r\n    <div  id=\"field_jcj41\" class=\"g-recaptcha\" data-sitekey=\"6LeV9E4UAAAAAA4BvCt-S2oSPFDjirZfqJL_luWB\" data-size=\"normal\" data-theme=\"light\"><\/div>\r\n    \r\n    \r\n<\/div>\n\t<input type=\"hidden\" name=\"item_key\" value=\"\" \/>\n\t<div class=\"frm_submit\">\r\n\r\n<button class=\"frm_button_submit\" type=\"submit\"  >Senden<\/button>\r\n\r\n<\/div><\/div>\n<\/fieldset>\n<\/div>\n<\/form>\n<\/div>\n[\/vc_column_text][\/vc_column][\/vc_row][vc_row][vc_column][vc_empty_space height=&#8220;90px&#8220;][\/vc_column][\/vc_row]<\/p>\n","protected":false},"excerpt":{"rendered":"<p>[vc_row][vc_column][vc_empty_space height=&#8220;60px&#8220;][\/vc_column][\/vc_row][vc_row el_class=&#8220;slimrow&#8220;][vc_column width=&#8220;1\/3&#8243;][vc_hoverbox image=&#8220;167&#8243; primary_title=&#8220;Adresse&#8220; hover_title=&#8220;Adresse&#8220; shape=&#8220;square&#8220; hover_background_color=&#8220;custom&#8220; hover_btn_title=&#8220;Route ansehen&#8220; hover_btn_shape=&#8220;square&#8220; hover_btn_color=&#8220;white&#8220; hover_add_button=&#8220;true&#8220; class=&#8220;&#8222;fa&#8220; hover_custom_background=&#8220;#cbaa5c&#8220; hover_btn_link=&#8220;url:https%3A%2F%2Fwww.google.at%2Fmaps%2Fdir%2F%2FGramaphon%2C%2BMarktstra%25C3%259Fe%2B18%2C%2B4201%2BGramastetten%2F%4048.380755%2C14.1867253%2C565m%2Fdata%3D!3m1!1e3!4m8!4m7!1m0!1m5!1m1!1s0x47739b13b12ecc65%3A0xacea2577525f3b9!2m2!1d14.188914!2d48.3807515|||&#8220;]Marktstra\u00dfe 18 | 4201 Gramastetten[\/vc_hoverbox][\/vc_column][vc_column width=&#8220;1\/3&#8243;][vc_hoverbox image=&#8220;170&#8243; primary_title=&#8220;Telefon&#8220; hover_title=&#8220;Telefon&#8220; shape=&#8220;square&#8220; hover_background_color=&#8220;custom&#8220; hover_btn_title=&#8220;anrufen&#8220; hover_btn_shape=&#8220;square&#8220; hover_btn_color=&#8220;white&#8220; hover_add_button=&#8220;true&#8220; class=&#8220;&#8222;fa&#8220; hover_custom_background=&#8220;#cbaa5c&#8220; hover_btn_link=&#8220;url:tel%3A%2B437239815511|||&#8220;]+43 7239 8155-11[\/vc_hoverbox][\/vc_column][vc_column width=&#8220;1\/3&#8243;][vc_hoverbox image=&#8220;169&#8243; primary_title=&#8220;E-Mail&#8220; hover_title=&#8220;E-Mail&#8220; shape=&#8220;square&#8220; hover_background_color=&#8220;custom&#8220; hover_btn_title=&#8220;Mail Senden&#8220; hover_btn_shape=&#8220;square&#8220; hover_btn_color=&#8220;white&#8220; hover_add_button=&#8220;true&#8220; class=&#8220;&#8222;fa&#8220; hover_custom_background=&#8220;#cbaa5c&#8220; hover_btn_link=&#8220;url:mailto%3Aoffice(at)gramaphon.at|||&#8220;]office@gramaphon.at[\/vc_hoverbox][\/vc_column][\/vc_row][vc_row][vc_column][vc_empty_space height=&#8220;60px&#8220;][\/vc_column][\/vc_row][vc_row el_class=&#8220;homebox1&#8243;][vc_column][vc_column_text] B u c<a class=\"excerpt-read-more\" href=\"https:\/\/www.gramaphon.at\/event\/kontakt\/\" title=\"ReadKontakt\">&#8230; Read more &raquo;<\/a><\/p>\n","protected":false},"author":1,"featured_media":0,"parent":0,"menu_order":0,"comment_status":"closed","ping_status":"closed","template":"","meta":{"footnotes":""},"_links":{"self":[{"href":"https:\/\/www.gramaphon.at\/event\/wp-json\/wp\/v2\/pages\/12"}],"collection":[{"href":"https:\/\/www.gramaphon.at\/event\/wp-json\/wp\/v2\/pages"}],"about":[{"href":"https:\/\/www.gramaphon.at\/event\/wp-json\/wp\/v2\/types\/page"}],"author":[{"embeddable":true,"href":"https:\/\/www.gramaphon.at\/event\/wp-json\/wp\/v2\/users\/1"}],"replies":[{"embeddable":true,"href":"https:\/\/www.gramaphon.at\/event\/wp-json\/wp\/v2\/comments?post=12"}],"version-history":[{"count":13,"href":"https:\/\/www.gramaphon.at\/event\/wp-json\/wp\/v2\/pages\/12\/revisions"}],"predecessor-version":[{"id":302,"href":"https:\/\/www.gramaphon.at\/event\/wp-json\/wp\/v2\/pages\/12\/revisions\/302"}],"wp:attachment":[{"href":"https:\/\/www.gramaphon.at\/event\/wp-json\/wp\/v2\/media?parent=12"}],"curies":[{"name":"wp","href":"https:\/\/api.w.org\/{rel}","templated":true}]}}